{"id":10,"date":"2019-06-11T07:55:33","date_gmt":"2019-06-11T07:55:33","guid":{"rendered":"https:\/\/zeroten.palvelin.pro\/menninkainen\/?page_id=10"},"modified":"2019-08-07T10:47:44","modified_gmt":"2019-08-07T10:47:44","slug":"etusivu","status":"publish","type":"page","link":"https:\/\/xn--menninkinen-r8a.fi\/","title":{"rendered":"Etusivu"},"content":{"rendered":"\n<div class=\"slider-wrapper relative\" id=\"slider-949869684\" >\n    <div class=\"slider slider-nav-circle slider-nav-large slider-nav-light slider-style-normal\"\n        data-flickity-options='{\n            \"cellAlign\": \"center\",\n            \"imagesLoaded\": true,\n            \"lazyLoad\": 1,\n            \"freeScroll\": false,\n            \"wrapAround\": true,\n            \"autoPlay\": 6000,\n            \"pauseAutoPlayOnHover\" : true,\n            \"prevNextButtons\": false,\n            \"contain\" : true,\n            \"adaptiveHeight\" : true,\n            \"dragThreshold\" : 10,\n            \"percentPosition\": true,\n            \"pageDots\": false,\n            \"rightToLeft\": false,\n            \"draggable\": false,\n            \"selectedAttraction\": 0.1,\n            \"parallax\" : 0,\n            \"friction\": 0.6        }'\n        >\n        \n\n\n  <div class=\"banner has-hover\" id=\"banner-1526237949\">\n          <div class=\"banner-inner fill\">\n        <div class=\"banner-bg fill\" >\n            <div class=\"bg fill bg-fill \"><\/div>\n                        <div class=\"overlay\"><\/div>            \n                    <\/div>\n\t\t\n        <div class=\"banner-layers container\">\n            <div class=\"fill banner-link\"><\/div>            \n\n   <div id=\"text-box-1918616094\" class=\"text-box banner-layer x50 md-x50 lg-x50 y50 md-y50 lg-y50 res-text\">\n                     <div data-animate=\"flipInY\">           <div class=\"text-box-content text \">\n              \n              <div class=\"text-inner text-center\">\n                  \n\n<h1 style=\"text-align: center;\"><span style=\"color: #008000; font-size: 135%;\"><strong>Mennink\u00e4inen<\/strong><span style=\"font-size: 0.4em; vertical-align:25px;\"><sup>\u00ae<\/sup><\/span><\/span><\/h1>\n<h3 style=\"text-align: center;\"><span style=\"font-size: 100%; color: #008000;\">Pesuaineet elintarviketeollisuudelle<\/span><\/h3>\n\n              <\/div>\n           <\/div>\n       <\/div>                     \n<style>\n#text-box-1918616094 {\n  width: 100%;\n}\n#text-box-1918616094 .text-box-content {\n  font-size: 100%;\n}\n<\/style>\n    <\/div>\n \n\n        <\/div>\n      <\/div>\n\n            \n<style>\n#banner-1526237949 {\n  padding-top: 600px;\n}\n#banner-1526237949 .bg.bg-loaded {\n  background-image: url(https:\/\/xn--menninkinen-r8a.fi\/wp-content\/uploads\/2019\/06\/transclean3-1024x660.jpg);\n}\n#banner-1526237949 .overlay {\n  background-color: rgba(255, 255, 255, 0.74);\n}\n<\/style>\n  <\/div>\n\n\n\n     <\/div>\n\n     <div class=\"loading-spin dark large centered\"><\/div>\n\n\t<\/div>\n\n\n\t<section class=\"section\" id=\"section_1017205658\">\n\t\t<div class=\"bg section-bg fill bg-fill  bg-loaded\" >\n\n\t\t\t\n\t\t\t\n\t\t\t\n\n\t\t<\/div>\n\n\t\t\n\n\t\t<div class=\"section-content relative\">\n\t\t\t\n\n<div class=\"is-divider divider clearfix\" style=\"max-width:100%;height:0px;background-color:rgba(181, 203, 117, 0);\"><\/div>\n\n<div class=\"row\"  id=\"row-657048241\">\n\n\n\t<div id=\"col-1464065846\" class=\"col small-12 large-12\"  >\n\t\t\t\t<div class=\"col-inner\"  >\n\t\t\t\n\t\t\t\n\n<h2 class=\"lead alt-font\"><span style=\"color: #008000; font-size: 180%;\">Kotimaiset Mennink\u00e4inen<sup><span style=\"font-size: 0.5em;\">\u00ae <\/span><\/sup>-pesuaineet on&nbsp; suunniteltu kaikille elintarviketuotannon aloille maatilojen alkutuotannosta korkean jalostusasteen elintarviketeollisuuteen.&nbsp;<\/span><\/h2>\n\n\t\t<\/div>\n\t\t\t\t\t<\/div>\n\n\t\n\n<\/div>\n<div class=\"row\"  id=\"row-1468231801\">\n\n\n\t<div id=\"col-269749850\" class=\"col medium-7 small-12 large-7\"  >\n\t\t\t\t<div class=\"col-inner text-center\"  >\n\t\t\t\n\t\t\t\n\n<h3 style=\"color: #008000; text-align: left;\"><span style=\"font-size: 130%; color: #008000;\">Mennink\u00e4inen<sup><span style=\"font-size: 0.5em;\">\u00ae <\/span><\/sup>-hygieniatuotteet elintarviketeollisuuden korkeisiin vaatimuksiin<\/span><\/h3>\n<p style=\"text-align: left;\"><span style=\"font-size: 110%; color: #282828;\">Mennink\u00e4inen<sup><span style=\"font-size: 0.5em;\">\u00ae <\/span><\/sup>-pesuaineet on kehitetty yli 20 vuoden kokemuksella elintarvikealan puhtaus- ja hygieniavaatimukset huomioon ottaen.<\/span><\/p>\n<p style=\"text-align: left;\"><span style=\"font-size: 110%; color: #282828;\">Kaikki valmistamamme pesuaineet ovat fosfaatittomia, ja n\u00e4in ollen parempia ymp\u00e4rist\u00f6lle. Mennink\u00e4inen<sup><span style=\"font-size: 0.5em;\">\u00ae <\/span><\/sup> \u2013 elintarviketuotantosi parhaaksi.<\/span><\/p>\n<p>\u00a0<\/p>\n<a href=\"https:\/\/xn--menninkinen-r8a.fi\/tietoa-tuotteistamme\/\" target=\"_self\" class=\"button secondary is-large expand\"  style=\"border-radius:99px;\">\n    <span>Lue lis\u00e4\u00e4 tuotteistamme<\/span>\n  <\/a>\n\n\n<a href=\"https:\/\/xn--menninkinen-r8a.fi\/yhteystiedot\" target=\"_self\" class=\"button primary is-large expand\"  style=\"border-radius:99px;\">\n    <span>Katso alueelliset myyntiedustajamme<\/span>\n  <\/a>\n\n\n<div class=\"is-divider divider clearfix\" style=\"height:30px;background-color:rgba(255, 255, 255, 0);\"><\/div>\n\n\t<div class=\"img has-hover x md-x lg-x y md-y lg-y\" id=\"image_1309312868\">\n\t\t\t\t\t\t\t\t<div class=\"img-inner dark\" >\n\t\t\t<img width=\"447\" height=\"67\" src=\"https:\/\/xn--menninkinen-r8a.fi\/wp-content\/uploads\/2019\/06\/Mennink\u00e4inen-logo.png\" class=\"attachment-large size-large\" alt=\"\" decoding=\"async\" loading=\"lazy\" srcset=\"https:\/\/xn--menninkinen-r8a.fi\/wp-content\/uploads\/2019\/06\/Mennink\u00e4inen-logo.png 447w, https:\/\/xn--menninkinen-r8a.fi\/wp-content\/uploads\/2019\/06\/Mennink\u00e4inen-logo-300x45.png 300w\" sizes=\"(max-width: 447px) 100vw, 447px\" \/>\t\t\t\t\t\t\n\t\t\t\t\t<\/div>\n\t\t\t\t\t\t\t\t\n<style>\n#image_1309312868 {\n  width: 65%;\n}\n<\/style>\n\t<\/div>\n\t\n\n\n\t\t<\/div>\n\t\t\t\t\t<\/div>\n\n\t\n\n\t<div id=\"col-468023917\" class=\"col medium-5 small-12 large-5\"  >\n\t\t\t\t<div class=\"col-inner\"  >\n\t\t\t\n\t\t\t\n\n\t<div class=\"img has-hover x md-x lg-x y md-y lg-y\" id=\"image_1570284538\">\n\t\t\t\t\t\t\t\t<div class=\"img-inner dark\" >\n\t\t\t<img width=\"500\" height=\"642\" src=\"https:\/\/xn--menninkinen-r8a.fi\/wp-content\/uploads\/2019\/08\/Menninkainen-kanisteri.jpg\" class=\"attachment-large size-large\" alt=\"Mennink\u00e4inen pesuaine\" decoding=\"async\" loading=\"lazy\" srcset=\"https:\/\/xn--menninkinen-r8a.fi\/wp-content\/uploads\/2019\/08\/Menninkainen-kanisteri.jpg 500w, https:\/\/xn--menninkinen-r8a.fi\/wp-content\/uploads\/2019\/08\/Menninkainen-kanisteri-234x300.jpg 234w\" sizes=\"(max-width: 500px) 100vw, 500px\" \/>\t\t\t\t\t\t\n\t\t\t\t\t<\/div>\n\t\t\t\t\t\t\t\t\n<style>\n#image_1570284538 {\n  width: 100%;\n}\n<\/style>\n\t<\/div>\n\t\n\n\n\t\t<\/div>\n\t\t\t\t\t<\/div>\n\n\t\n\n<\/div>\n\n\t\t<\/div>\n\n\t\t\n<style>\n#section_1017205658 {\n  padding-top: 30px;\n  padding-bottom: 30px;\n  background-color: rgb(255, 255, 255);\n}\n<\/style>\n\t<\/section>\n\t\n\n","protected":false},"excerpt":{"rendered":"","protected":false},"author":3,"featured_media":0,"parent":0,"menu_order":0,"comment_status":"closed","ping_status":"closed","template":"page-blank.php","meta":{"footnotes":""},"_links":{"self":[{"href":"https:\/\/xn--menninkinen-r8a.fi\/index.php?rest_route=\/wp\/v2\/pages\/10"}],"collection":[{"href":"https:\/\/xn--menninkinen-r8a.fi\/index.php?rest_route=\/wp\/v2\/pages"}],"about":[{"href":"https:\/\/xn--menninkinen-r8a.fi\/index.php?rest_route=\/wp\/v2\/types\/page"}],"author":[{"embeddable":true,"href":"https:\/\/xn--menninkinen-r8a.fi\/index.php?rest_route=\/wp\/v2\/users\/3"}],"replies":[{"embeddable":true,"href":"https:\/\/xn--menninkinen-r8a.fi\/index.php?rest_route=%2Fwp%2Fv2%2Fcomments&post=10"}],"version-history":[{"count":41,"href":"https:\/\/xn--menninkinen-r8a.fi\/index.php?rest_route=\/wp\/v2\/pages\/10\/revisions"}],"predecessor-version":[{"id":102,"href":"https:\/\/xn--menninkinen-r8a.fi\/index.php?rest_route=\/wp\/v2\/pages\/10\/revisions\/102"}],"wp:attachment":[{"href":"https:\/\/xn--menninkinen-r8a.fi\/index.php?rest_route=%2Fwp%2Fv2%2Fmedia&parent=10"}],"curies":[{"name":"wp","href":"https:\/\/api.w.org\/{rel}","templated":true}]}}