{"id":73,"date":"2019-08-06T14:17:51","date_gmt":"2019-08-06T14:17:51","guid":{"rendered":"https:\/\/zeroten.palvelin.pro\/menninkainen\/?page_id=73"},"modified":"2019-08-06T14:24:15","modified_gmt":"2019-08-06T14:24:15","slug":"tietoa-tuotteistamme","status":"publish","type":"page","link":"https:\/\/xn--menninkinen-r8a.fi\/?page_id=73","title":{"rendered":"Tietoa tuotteistamme"},"content":{"rendered":"\n<div class=\"slider-wrapper relative\" id=\"slider-610988089\" >\n    <div class=\"slider slider-nav-circle slider-nav-large slider-nav-light slider-style-normal\"\n        data-flickity-options='{\n            \"cellAlign\": \"center\",\n            \"imagesLoaded\": true,\n            \"lazyLoad\": 1,\n            \"freeScroll\": false,\n            \"wrapAround\": true,\n            \"autoPlay\": 6000,\n            \"pauseAutoPlayOnHover\" : true,\n            \"prevNextButtons\": false,\n            \"contain\" : true,\n            \"adaptiveHeight\" : true,\n            \"dragThreshold\" : 10,\n            \"percentPosition\": true,\n            \"pageDots\": false,\n            \"rightToLeft\": false,\n            \"draggable\": false,\n            \"selectedAttraction\": 0.1,\n            \"parallax\" : 0,\n            \"friction\": 0.6        }'\n        >\n        \n\n\n  <div class=\"banner has-hover\" id=\"banner-1534829204\">\n          <div class=\"banner-inner fill\">\n        <div class=\"banner-bg fill\" >\n            <div class=\"bg fill bg-fill \"><\/div>\n                        <div class=\"overlay\"><\/div>            \n                    <\/div>\n\t\t\n        <div class=\"banner-layers container\">\n            <div class=\"fill banner-link\"><\/div>            \n\n   <div id=\"text-box-844462385\" class=\"text-box banner-layer x50 md-x50 lg-x50 y50 md-y50 lg-y50 res-text\">\n                     <div data-animate=\"flipInY\">           <div class=\"text-box-content text \">\n              \n              <div class=\"text-inner text-center\">\n                  \n\n<h1 style=\"text-align: center;\"><span style=\"color: #008000; font-size: 100%;\"><strong>Tietoa Mennink\u00e4inen<\/strong><span style=\"font-size: 0.4em; vertical-align:25px;\"><sup>\u00ae<\/sup><\/span>-tuotteista<\/span><\/h1>\n<h3 style=\"text-align: center;\"><span style=\"font-size: 100%; color: #008000;\">Kotimaista turvallisuutta ja luotettavuutta<\/span><\/h3>\n\n              <\/div>\n           <\/div>\n       <\/div>                     \n<style>\n#text-box-844462385 {\n  width: 100%;\n}\n#text-box-844462385 .text-box-content {\n  font-size: 100%;\n}\n<\/style>\n    <\/div>\n \n\n        <\/div>\n      <\/div>\n\n            \n<style>\n#banner-1534829204 {\n  padding-top: 400px;\n}\n#banner-1534829204 .bg.bg-loaded {\n  background-image: url(https:\/\/xn--menninkinen-r8a.fi\/wp-content\/uploads\/2019\/06\/transclean3-1024x660.jpg);\n}\n#banner-1534829204 .overlay {\n  background-color: rgba(255, 255, 255, 0.74);\n}\n<\/style>\n  <\/div>\n\n\n\n     <\/div>\n\n     <div class=\"loading-spin dark large centered\"><\/div>\n\n\t<\/div>\n\n\n\t<section class=\"section\" id=\"section_435714260\">\n\t\t<div class=\"bg section-bg fill bg-fill  bg-loaded\" >\n\n\t\t\t\n\t\t\t\n\t\t\t\n\n\t\t<\/div>\n\n\t\t\n\n\t\t<div class=\"section-content relative\">\n\t\t\t\n\n<div class=\"is-divider divider clearfix\" style=\"max-width:100%;height:0px;background-color:rgba(181, 203, 117, 0);\"><\/div>\n\n<div class=\"row\"  id=\"row-913716400\">\n\n\n\t<div id=\"col-288250998\" class=\"col small-12 large-12\"  >\n\t\t\t\t<div class=\"col-inner dark\"  >\n\t\t\t\n\t\t\t\n\n<h2 class=\"lead alt-font\"><span style=\"font-size: 180%;\">Kotimaiset Mennink\u00e4inen<sup><span style=\"font-size: 0.5em;\">\u00ae <\/span><\/sup>-pesuaineet on\u00a0 suunniteltu ymp\u00e4rist\u00f6yst\u00e4v\u00e4llisiksi ja kustannustehokkaiksi kaikkiin elintarvikkeiden alkutuotannon ja teollisuuden tarpeisiin.<\/span><\/h2>\n<p>\u00a0<\/p>\n\n\t\t<\/div>\n\t\t\t\t\t<\/div>\n\n\t\n\n<\/div>\n<div class=\"row\"  id=\"row-443681183\">\n\n\n\t<div id=\"col-917457665\" class=\"col medium-7 small-12 large-7\"  >\n\t\t\t\t<div class=\"col-inner text-center dark\"  >\n\t\t\t\n\t\t\t\n\n<h3>&nbsp;<\/h3>\n<h3 style=\"text-align: right;\"><span style=\"font-size: 150%;\">Ymp\u00e4rist\u00f6yst\u00e4v\u00e4lliset tuotteet<\/span><\/h3>\n<p style=\"text-align: right;\"><span style=\"font-size: 110%;\">Kaikki valmistamamme pesuaineet ovat fosfaatittomia, ja n\u00e4in ollen parempia ymp\u00e4rist\u00f6lle. Mennink\u00e4inen\u00ae-pesuaineet valmistetaan tehtaallamme J\u00e4rvenp\u00e4\u00e4ss\u00e4 Tuusulanj\u00e4rven kulttuurimaisemissa ylpeydell\u00e4 ja ammattitaidolla.<\/span><\/p>\n\n\t\t<\/div>\n\t\t\t\t\t<\/div>\n\n\t\n\n\t<div id=\"col-343697218\" class=\"col medium-5 small-12 large-5\"  >\n\t\t\t\t<div class=\"col-inner\"  >\n\t\t\t\n\t\t\t\n\n\t<div class=\"img has-hover x md-x lg-x y md-y lg-y\" id=\"image_1574872541\">\n\t\t\t\t\t\t\t\t<div class=\"img-inner dark\" >\n\t\t\t<img width=\"724\" height=\"483\" src=\"https:\/\/xn--menninkinen-r8a.fi\/wp-content\/uploads\/2019\/08\/iStock-862701348.jpg\" class=\"attachment-large size-large\" alt=\"\" decoding=\"async\" loading=\"lazy\" srcset=\"https:\/\/xn--menninkinen-r8a.fi\/wp-content\/uploads\/2019\/08\/iStock-862701348.jpg 724w, https:\/\/xn--menninkinen-r8a.fi\/wp-content\/uploads\/2019\/08\/iStock-862701348-300x200.jpg 300w, https:\/\/xn--menninkinen-r8a.fi\/wp-content\/uploads\/2019\/08\/iStock-862701348-600x400.jpg 600w\" sizes=\"(max-width: 724px) 100vw, 724px\" \/>\t\t\t\t\t\t\n\t\t\t\t\t<\/div>\n\t\t\t\t\t\t\t\t\n<style>\n#image_1574872541 {\n  width: 100%;\n}\n<\/style>\n\t<\/div>\n\t\n\n\n\t\t<\/div>\n\t\t\t\t\t<\/div>\n\n\t\n\n<\/div>\n<div class=\"row\"  id=\"row-1591617957\">\n\n\n\t<div id=\"col-1556168251\" class=\"col medium-5 small-12 large-5\"  >\n\t\t\t\t<div class=\"col-inner text-center dark\"  >\n\t\t\t\n\t\t\t\n\n\t<div class=\"img has-hover x md-x lg-x y md-y lg-y\" id=\"image_761658793\">\n\t\t\t\t\t\t\t\t<div class=\"img-inner dark\" >\n\t\t\t<img width=\"724\" height=\"483\" src=\"https:\/\/xn--menninkinen-r8a.fi\/wp-content\/uploads\/2019\/08\/iStock-961458802.jpg\" class=\"attachment-large size-large\" alt=\"\" decoding=\"async\" loading=\"lazy\" srcset=\"https:\/\/xn--menninkinen-r8a.fi\/wp-content\/uploads\/2019\/08\/iStock-961458802.jpg 724w, https:\/\/xn--menninkinen-r8a.fi\/wp-content\/uploads\/2019\/08\/iStock-961458802-300x200.jpg 300w, https:\/\/xn--menninkinen-r8a.fi\/wp-content\/uploads\/2019\/08\/iStock-961458802-600x400.jpg 600w\" sizes=\"(max-width: 724px) 100vw, 724px\" \/>\t\t\t\t\t\t\n\t\t\t\t\t<\/div>\n\t\t\t\t\t\t\t\t\n<style>\n#image_761658793 {\n  width: 100%;\n}\n<\/style>\n\t<\/div>\n\t\n\n\n\t\t<\/div>\n\t\t\t\t\t<\/div>\n\n\t\n\n\t<div id=\"col-1072257218\" class=\"col medium-7 small-12 large-7\"  >\n\t\t\t\t<div class=\"col-inner dark\"  >\n\t\t\t\n\t\t\t\n\n<h3>&nbsp;<\/h3>\n<h3 style=\"text-align: left;\"><span style=\"font-size: 150%;\">Kustannustehokkaat tuotteet<\/span><\/h3>\n<p style=\"text-align: left;\"><span style=\"font-size: 110%;\">Mennink\u00e4inen\u00ae -pesuaineemme ovat kustannustehokkuudeltaan huippuluokkaa. Niiden perustana on kotimaisen elintarviketuotannon korkean hygieniatason takaaminen ja tuotannon jatkuvuuden varmistaminen kaikissa tilanteissa.<\/span><\/p>\n\n\t\t<\/div>\n\t\t\t\t\t<\/div>\n\n\t\n\n<\/div>\n<div class=\"row\"  id=\"row-1718328135\">\n\n\n\t<div id=\"col-1108172384\" class=\"col medium-7 small-12 large-7\"  >\n\t\t\t\t<div class=\"col-inner text-center dark\"  >\n\t\t\t\n\t\t\t\n\n<h3>&nbsp;<\/h3>\n<h3 style=\"text-align: right;\"><span style=\"font-size: 150%;\">Palvelevaa asiantuntemusta<\/span><\/h3>\n<p style=\"text-align: right;\"><span style=\"font-size: 110%;\">Mennink\u00e4inen\u00ae tarkoittaa aina kokonaisvaltaista palvelua ja asiantuntemusta. Tarjoamme parhaimmat mahdolliset ratkaisut tuotantoonne. Voitte luottaa kykyymme ratkaista my\u00f6s mahdolliset tulevat haasteenne \u2013 soittakaa vain asiakaspalveluumme numeroon 09 271 3997, niin autamme kaikissa elintarviketuotannon hygienia-asioissa!<\/span><\/p>\n\n\t\t<\/div>\n\t\t\t\t\t<\/div>\n\n\t\n\n\t<div id=\"col-681790412\" class=\"col medium-5 small-12 large-5\"  >\n\t\t\t\t<div class=\"col-inner\"  >\n\t\t\t\n\t\t\t\n\n\t<div class=\"img has-hover x md-x lg-x y md-y lg-y\" id=\"image_966209692\">\n\t\t\t\t\t\t\t\t<div class=\"img-inner dark\" >\n\t\t\t<img width=\"724\" height=\"483\" src=\"https:\/\/xn--menninkinen-r8a.fi\/wp-content\/uploads\/2019\/08\/iStock-514711914.jpg\" class=\"attachment-large size-large\" alt=\"\" decoding=\"async\" loading=\"lazy\" srcset=\"https:\/\/xn--menninkinen-r8a.fi\/wp-content\/uploads\/2019\/08\/iStock-514711914.jpg 724w, https:\/\/xn--menninkinen-r8a.fi\/wp-content\/uploads\/2019\/08\/iStock-514711914-300x200.jpg 300w, https:\/\/xn--menninkinen-r8a.fi\/wp-content\/uploads\/2019\/08\/iStock-514711914-600x400.jpg 600w\" sizes=\"(max-width: 724px) 100vw, 724px\" \/>\t\t\t\t\t\t\n\t\t\t\t\t<\/div>\n\t\t\t\t\t\t\t\t\n<style>\n#image_966209692 {\n  width: 100%;\n}\n<\/style>\n\t<\/div>\n\t\n\n\n\t\t<\/div>\n\t\t\t\t\t<\/div>\n\n\t\n\n<\/div>\n<div class=\"row\"  id=\"row-1305391887\">\n\n\n\t<div id=\"col-789287064\" class=\"col small-12 large-12\"  >\n\t\t\t\t<div class=\"col-inner text-center\"  >\n\t\t\t\n\t\t\t\n\n<div class=\"is-divider divider clearfix\" style=\"height:40px;background-color:rgba(0, 128, 0, 0);\"><\/div>\n\n<a href=\"https:\/\/xn--menninkinen-r8a.fi\/yhteystiedot\/\" target=\"_self\" class=\"button secondary is-large\"  style=\"border-radius:99px;\">\n    <span>Katso alueelliset myyntiedustajamme<\/span>\n  <\/a>\n\n\n<div class=\"is-divider divider clearfix\" style=\"height:40px;background-color:rgba(0, 128, 0, 0);\"><\/div>\n\n\n\t\t<\/div>\n\t\t\t\t\t<\/div>\n\n\t\n\n<\/div>\n\n\t\t<\/div>\n\n\t\t\n<style>\n#section_435714260 {\n  padding-top: 30px;\n  padding-bottom: 30px;\n  background-color: rgb(0, 128, 0);\n}\n<\/style>\n\t<\/section>\n\t\n\n","protected":false},"excerpt":{"rendered":"","protected":false},"author":3,"featured_media":0,"parent":0,"menu_order":0,"comment_status":"closed","ping_status":"closed","template":"page-blank.php","meta":{"footnotes":""},"_links":{"self":[{"href":"https:\/\/xn--menninkinen-r8a.fi\/index.php?rest_route=\/wp\/v2\/pages\/73"}],"collection":[{"href":"https:\/\/xn--menninkinen-r8a.fi\/index.php?rest_route=\/wp\/v2\/pages"}],"about":[{"href":"https:\/\/xn--menninkinen-r8a.fi\/index.php?rest_route=\/wp\/v2\/types\/page"}],"author":[{"embeddable":true,"href":"https:\/\/xn--menninkinen-r8a.fi\/index.php?rest_route=\/wp\/v2\/users\/3"}],"replies":[{"embeddable":true,"href":"https:\/\/xn--menninkinen-r8a.fi\/index.php?rest_route=%2Fwp%2Fv2%2Fcomments&post=73"}],"version-history":[{"count":5,"href":"https:\/\/xn--menninkinen-r8a.fi\/index.php?rest_route=\/wp\/v2\/pages\/73\/revisions"}],"predecessor-version":[{"id":85,"href":"https:\/\/xn--menninkinen-r8a.fi\/index.php?rest_route=\/wp\/v2\/pages\/73\/revisions\/85"}],"wp:attachment":[{"href":"https:\/\/xn--menninkinen-r8a.fi\/index.php?rest_route=%2Fwp%2Fv2%2Fmedia&parent=73"}],"curies":[{"name":"wp","href":"https:\/\/api.w.org\/{rel}","templated":true}]}}